{"id":8,"date":"2014-01-14T20:57:38","date_gmt":"2014-01-14T20:57:38","guid":{"rendered":"http:\/\/www.michelorion.fr\/?page_id=8"},"modified":"2014-01-14T20:57:38","modified_gmt":"2014-01-14T20:57:38","slug":"presentation","status":"publish","type":"page","link":"https:\/\/michelorion.com\/index.php\/presentation\/","title":{"rendered":"Pr\u00e9sentation"},"content":{"rendered":"<p><img loading=\"lazy\" decoding=\"async\" class=\"alignnone size-full wp-image-61\" alt=\"Michel-Orion-presentation\" src=\"http:\/\/www.michelorion.com\/wp-content\/uploads\/2014\/01\/Michel-Orion-presentation-e1390601617181.jpg\" width=\"600\" height=\"450\" \/><\/p>\n<p>Chansons \u00e0 texte plut\u00f4t qu&rsquo;\u00e0 pr\u00e9texte et \u00ab\u00a0de la Musique avant toute chose\u00a0\u00bb&#8230;<\/p>\n<p><span style=\"text-decoration: underline;\"><strong>Mon seul patron, c&rsquo;est mon piano !<\/strong><\/span><\/p>\n<p>Nom: ORION<br \/>\nPr\u00e9nom: MICHEL<br \/>\nProfession: \u00ab A C I \u00bb ( auteur-compositeur-interpr\u00e8te ).<br \/>\nD\u00e9finition de l\u2019A C I ( selon Michel Orion ): \u00ab vari\u00e9t\u00e9 d\u2019artiste, plut\u00f4t qu\u2019artiste de vari\u00e9t\u00e9&#8230; \u00bb.<\/p>\n<p>Signes particuliers:<br \/>\n&#8211; D\u2019origine m\u00e9ridionale et \u00ab oriontale \u00bb, Michel Orion ( astrologue et alchimiste dans une autre vie ), a pr\u00eat\u00e9 son nom \u00e0 une constellation ( qui le lui rend bien ).<br \/>\n&#8211; Chante en fran\u00e7ais.<br \/>\n&#8211; De plus, Orion accompagne son piano avec ses chansons.<br \/>\n&#8211; D\u2019inspiration volontiers pamphl\u00e9taire, Michel Orion \u00e9crit plut\u00f4t des \u00ab chansons \u00e0 texte qu\u2019\u00e0 pr\u00e9texte \u00bb; parfois per\u00e7ues comme sulfureuses&#8230;<br \/>\n&#8211; Croit au P\u00e8re No\u00ebl ( ce qui est hautement recommand\u00e9 pour faire \u00ab ce \u00bb m\u00e9tier&#8230; ).<\/p>\n<p>Affinit\u00e9s ( liste non exhaustive ):<br \/>\n&#8211; Les po\u00e8tes ( particuli\u00e8rement ceux que l\u2019on dit maudits ), de Baudelaire \u00e0 L\u00e9o Ferr\u00e9&#8230;<br \/>\n&#8211; Vinicius de Moraes et la Bossa Nova; les rythmes chaloup\u00e9s&#8230;<br \/>\n&#8211; Le groupe Pink Floyd, les Beatles, &#8230;<br \/>\n&#8211; Ravel, Debussy, Mozart, Erik Satie, &#8230;; la Musique ( donc ! ).<br \/>\n&#8211; Les chevaux, sauvages, de pr\u00e9f\u00e9rence&#8230;<br \/>\n&#8211; Les escargots de Bourgogne.<br \/>\n&#8211; Nietzsche.<br \/>\n&#8211; Les profiteroles au chocolat.<br \/>\n&#8211; Voltaire.<br \/>\n&#8211; La Nuit, l\u2019oxyg\u00e8ne, l\u2019air pur, les \u00ab antioxydants \u00bb&#8230;<br \/>\n&#8211; L\u2019Italie, le Br\u00e9sil, le S\u00e9n\u00e9gal, la Gr\u00e8ce antique.<br \/>\n&#8211; L\u2019Am\u00e9rique ( latine ), les Indiens d\u2019Am\u00e9rique, Salvador Allende&#8230;<br \/>\n&#8211; Les femmes et ( notamment ) sa femme ( son premier bureau )&#8230;<br \/>\n&#8211; Les pianos \u00e0 queue.<br \/>\n&#8212;&#8212;&#8212;&#8212;&#8212;&#8212;&#8212;&#8212;&#8212;&#8212;&#8212;&#8212;&#8212;&#8212;&#8212;&#8212;-<\/p>\n<p>Rep\u00e8res et parcours ( du combattant ):<\/p>\n<p>&#8211; Artiste instinctif, Michel Orion tourne le dos \u00e0 ses \u00e9tudes, acquiert un piano et, tr\u00e8s vite, \u00e9crit et compose. Il br\u00fble ses premi\u00e8res planches en Rh\u00f4ne-Alpes et dans le Midi&#8230;<\/p>\n<p>&#8211; Novembre 1990: Naissance professionnelle, sur la sc\u00e8ne du Th\u00e9\u00e2tre Dejazet, \u00e0 Paris:<br \/>\nL\u00e9o Ferr\u00e9 impose le jeune chanteur en premi\u00e8re partie de ses r\u00e9citals.<br \/>\nLe public appr\u00e9cie\u2026 Un certain Richard Marsan l\u2019encourage \u00ab \u00e0 continuer\u2026 \u00bb.<\/p>\n<p>&#8211; Michel Orion se produit r\u00e9guli\u00e8rement, depuis, sur toutes sc\u00e8nes appropri\u00e9es, tant \u00e0 Paris qu\u2019en province, et poursuit son chemin&#8230; Son r\u00e9pertoire se partage entre ses propres chansons et celles de L\u00e9o Ferr\u00e9&#8230; D\u2019o\u00f9 l\u2019intitul\u00e9 de son spectacle:<br \/>\n\u00ab FERRE&#8230;VOS PAPIERS ! ORION&#8230;TES CHANSONS ! \u00bb, cr\u00e9\u00e9 \u00e0 Paris en 1999 et plus que jamais d\u2019actualit\u00e9&#8230; Car Michel Orion parle le \u00ab Ferr\u00e9 \u00bb couramment !<br \/>\n&#8211; Chante parfois en Italie et&#8230; en italien.<\/p>\n<p>&#8211; A enregistr\u00e9 10 albums. Le nouveau est en pr\u00e9paration ( auto-production ).<\/p>\n<p>&#8211; Auteur, compositeur de ses chansons, Michel Orion en est \u00e9galement \u00ab l\u2019arrangeur \u00bb.<\/p>\n<p>&#8211; A \u00e9crit plusieurs plaquettes de po\u00e9sie ( souvent ) pamphl\u00e9taire ou libertine, ainsi que quelques nouvelles aigres-douces. Un roman est en \u00ab stand by \u00bb dans son ordinateur.<br \/>\n&#8211; Chante et met parfois \u00ab ses \u00bb po\u00e8tes en musique&#8230;<\/p>\n<p>&#8211; Doit passer en vedette \u00e0 l\u2019Olympia !<br \/>\nLe jour et l\u2019heure sont d\u00e9j\u00e0 d\u00e9termin\u00e9s.<br \/>\nIl ne reste plus qu\u2019\u00e0 fixer l\u2019ann\u00e9e !<\/p>\n<p>&#8211; Spectacles cr\u00e9\u00e9s ces derni\u00e8res ann\u00e9es :<br \/>\n\u00ab\u00a0Sous le signe du pamphlet\u00a0\u00bb, \u00ab\u00a0Cabaret Po\u00e9sie\u00a0\u00bb, \u00ab\u00a0D&rsquo;un si\u00e8cle \u00e0 l&rsquo;autre\u00a0\u00bb &#8230;<\/p>\n","protected":false},"excerpt":{"rendered":"<p>Chansons \u00e0 texte plut\u00f4t qu&rsquo;\u00e0 pr\u00e9texte et \u00ab\u00a0de la Musique avant toute chose\u00a0\u00bb&#8230; Mon seul patron, c&rsquo;est mon piano ! Nom: ORION Pr\u00e9nom: MICHEL Profession: \u00ab A C I \u00bb ( auteur-compositeur-interpr\u00e8te ). D\u00e9finition de l\u2019A C I ( selon Michel Orion ): \u00ab vari\u00e9t\u00e9 d\u2019artiste, plut\u00f4t qu\u2019artiste de vari\u00e9t\u00e9&#8230; \u00bb. Signes particuliers: &#8211; D\u2019origine &hellip; <\/p>\n<p class=\"link-more\"><a href=\"https:\/\/michelorion.com\/index.php\/presentation\/\" class=\"more-link\">Continuer la lecture<span class=\"screen-reader-text\"> de &laquo;&nbsp;Pr\u00e9sentation&nbsp;&raquo;<\/span><\/a><\/p>\n","protected":false},"author":2,"featured_media":0,"parent":0,"menu_order":0,"comment_status":"open","ping_status":"closed","template":"","meta":{"footnotes":""},"_links":{"self":[{"href":"https:\/\/michelorion.com\/index.php\/wp-json\/wp\/v2\/pages\/8"}],"collection":[{"href":"https:\/\/michelorion.com\/index.php\/wp-json\/wp\/v2\/pages"}],"about":[{"href":"https:\/\/michelorion.com\/index.php\/wp-json\/wp\/v2\/types\/page"}],"author":[{"embeddable":true,"href":"https:\/\/michelorion.com\/index.php\/wp-json\/wp\/v2\/users\/2"}],"replies":[{"embeddable":true,"href":"https:\/\/michelorion.com\/index.php\/wp-json\/wp\/v2\/comments?post=8"}],"version-history":[{"count":0,"href":"https:\/\/michelorion.com\/index.php\/wp-json\/wp\/v2\/pages\/8\/revisions"}],"wp:attachment":[{"href":"https:\/\/michelorion.com\/index.php\/wp-json\/wp\/v2\/media?parent=8"}],"curies":[{"name":"wp","href":"https:\/\/api.w.org\/{rel}","templated":true}]}}